{"id":4713,"date":"2023-08-22T11:53:35","date_gmt":"2023-08-22T09:53:35","guid":{"rendered":"https:\/\/assoaleds.org\/?page_id=4713"},"modified":"2025-11-20T08:55:48","modified_gmt":"2025-11-20T07:55:48","slug":"nosactions","status":"publish","type":"page","link":"https:\/\/assoaleds.org\/index.php\/nosactions\/","title":{"rendered":"Nos actions"},"content":{"rendered":"\t\t<div data-elementor-type=\"wp-page\" data-elementor-id=\"4713\" class=\"elementor elementor-4713\">\n\t\t\t\t\t\t<section class=\"elementor-section elementor-top-section elementor-element elementor-element-0cd1648 elementor-section-boxed elementor-section-height-default elementor-section-height-default\" data-id=\"0cd1648\" data-element_type=\"section\" data-e-type=\"section\">\n\t\t\t\t\t\t<div class=\"elementor-container elementor-column-gap-default\">\n\t\t\t\t\t<div class=\"elementor-column elementor-col-100 elementor-top-column elementor-element elementor-element-a769b57\" data-id=\"a769b57\" data-element_type=\"column\" data-e-type=\"column\">\n\t\t\t<div class=\"elementor-widget-wrap elementor-element-populated\">\n\t\t\t\t\t\t<div class=\"elementor-element elementor-element-0b6a15f elementor-widget elementor-widget-heading\" data-id=\"0b6a15f\" data-element_type=\"widget\" data-e-type=\"widget\" data-widget_type=\"heading.default\">\n\t\t\t\t<div class=\"elementor-widget-container\">\n\t\t\t\t\t<h2 class=\"elementor-heading-title elementor-size-default\">D\u00e9couvrez  nos actions \n<\/h2>\t\t\t\t<\/div>\n\t\t\t\t<\/div>\n\t\t\t\t\t<\/div>\n\t\t<\/div>\n\t\t\t\t\t<\/div>\n\t\t<\/section>\n\t\t\t\t<section class=\"elementor-section elementor-top-section elementor-element elementor-element-ac28a60 elementor-section-boxed elementor-section-height-default elementor-section-height-default\" data-id=\"ac28a60\" data-element_type=\"section\" data-e-type=\"section\">\n\t\t\t\t\t\t<div class=\"elementor-container elementor-column-gap-default\">\n\t\t\t\t\t<div class=\"elementor-column elementor-col-100 elementor-top-column elementor-element elementor-element-23c13df\" data-id=\"23c13df\" data-element_type=\"column\" data-e-type=\"column\">\n\t\t\t<div class=\"elementor-widget-wrap elementor-element-populated\">\n\t\t\t\t\t\t<div class=\"elementor-element elementor-element-1db95f7 elementor-view-default elementor-widget elementor-widget-icon\" data-id=\"1db95f7\" data-element_type=\"widget\" data-e-type=\"widget\" data-widget_type=\"icon.default\">\n\t\t\t\t<div class=\"elementor-widget-container\">\n\t\t\t\t\t\t\t<div class=\"elementor-icon-wrapper\">\n\t\t\t<div class=\"elementor-icon\">\n\t\t\t<i aria-hidden=\"true\" class=\"fas fa-arrow-circle-down\"><\/i>\t\t\t<\/div>\n\t\t<\/div>\n\t\t\t\t\t\t<\/div>\n\t\t\t\t<\/div>\n\t\t\t\t\t<\/div>\n\t\t<\/div>\n\t\t\t\t\t<\/div>\n\t\t<\/section>\n\t\t\t\t<section class=\"elementor-section elementor-top-section elementor-element elementor-element-6a781c7 elementor-section-boxed elementor-section-height-default elementor-section-height-default\" data-id=\"6a781c7\" data-element_type=\"section\" data-e-type=\"section\">\n\t\t\t\t\t\t<div class=\"elementor-container elementor-column-gap-default\">\n\t\t\t\t\t<div class=\"elementor-column elementor-col-33 elementor-top-column elementor-element elementor-element-4cbe082\" data-id=\"4cbe082\" data-element_type=\"column\" data-e-type=\"column\">\n\t\t\t<div class=\"elementor-widget-wrap elementor-element-populated\">\n\t\t\t\t\t\t<div class=\"elementor-element elementor-element-81e621d elementor-widget elementor-widget-image\" data-id=\"81e621d\" data-element_type=\"widget\" data-e-type=\"widget\" data-widget_type=\"image.default\">\n\t\t\t\t<div class=\"elementor-widget-container\">\n\t\t\t\t\t\t\t\t\t\t\t\t\t\t\t<img fetchpriority=\"high\" decoding=\"async\" width=\"1528\" height=\"1281\" src=\"https:\/\/assoaleds.org\/wp-content\/uploads\/2023\/08\/Distribution-etudiants.jpg\" class=\"attachment-full size-full wp-image-4717\" alt=\"\" srcset=\"https:\/\/assoaleds.org\/wp-content\/uploads\/2023\/08\/Distribution-etudiants.jpg 1528w, https:\/\/assoaleds.org\/wp-content\/uploads\/2023\/08\/Distribution-etudiants-300x252.jpg 300w, https:\/\/assoaleds.org\/wp-content\/uploads\/2023\/08\/Distribution-etudiants-1024x858.jpg 1024w, https:\/\/assoaleds.org\/wp-content\/uploads\/2023\/08\/Distribution-etudiants-768x644.jpg 768w, https:\/\/assoaleds.org\/wp-content\/uploads\/2023\/08\/Distribution-etudiants-600x503.jpg 600w\" sizes=\"(max-width: 1528px) 100vw, 1528px\" \/>\t\t\t\t\t\t\t\t\t\t\t\t\t\t\t<\/div>\n\t\t\t\t<\/div>\n\t\t\t\t<div class=\"elementor-element elementor-element-8dbc558 elementor-align-center elementor-widget elementor-widget-button\" data-id=\"8dbc558\" data-element_type=\"widget\" data-e-type=\"widget\" data-widget_type=\"button.default\">\n\t\t\t\t<div class=\"elementor-widget-container\">\n\t\t\t\t\t\t\t\t\t<div class=\"elementor-button-wrapper\">\n\t\t\t\t\t<a class=\"elementor-button elementor-button-link elementor-size-xl\" href=\"https:\/\/www.helloasso.com\/...\/association...\/formulaires\/13\">\n\t\t\t\t\t\t<span class=\"elementor-button-content-wrapper\">\n\t\t\t\t\t\t<span class=\"elementor-button-icon\">\n\t\t\t\t<i aria-hidden=\"true\" class=\"far fa-handshake\"><\/i>\t\t\t<\/span>\n\t\t\t\t\t\t\t\t\t<span class=\"elementor-button-text\">Soutenir cette action<\/span>\n\t\t\t\t\t<\/span>\n\t\t\t\t\t<\/a>\n\t\t\t\t<\/div>\n\t\t\t\t\t\t\t\t<\/div>\n\t\t\t\t<\/div>\n\t\t\t\t<div class=\"elementor-element elementor-element-81ee884 elementor-widget elementor-widget-text-editor\" data-id=\"81ee884\" data-element_type=\"widget\" data-e-type=\"widget\" data-widget_type=\"text-editor.default\">\n\t\t\t\t<div class=\"elementor-widget-container\">\n\t\t\t\t\t\t\t\t\tAgissons ensemble pour nos \u00e9tudiants en pr\u00e9carit\u00e9 ! Notre collecte de denr\u00e9es alimentaires est lanc\u00e9e.\nChacun peut apporter sa contribution en donnant des produits non p\u00e9rissables tels que p\u00e2tes, conserves, riz, etc.\nNous comprenons que chacun a sa propre mani\u00e8re de contribuer. Vous pouvez choisir de faire un don financier .\nVos dons sont un soutien essentiel pour les \u00e9tudiants.\t\t\t\t\t\t\t\t<\/div>\n\t\t\t\t<\/div>\n\t\t\t\t\t<\/div>\n\t\t<\/div>\n\t\t\t\t<div class=\"elementor-column elementor-col-33 elementor-top-column elementor-element elementor-element-8a6c2d6\" data-id=\"8a6c2d6\" data-element_type=\"column\" data-e-type=\"column\" data-settings=\"{&quot;background_background&quot;:&quot;classic&quot;}\">\n\t\t\t<div class=\"elementor-widget-wrap elementor-element-populated\">\n\t\t\t\t\t\t<div class=\"elementor-element elementor-element-52b10f5 elementor-widget elementor-widget-image\" data-id=\"52b10f5\" data-element_type=\"widget\" data-e-type=\"widget\" data-widget_type=\"image.default\">\n\t\t\t\t<div class=\"elementor-widget-container\">\n\t\t\t\t\t\t\t\t\t\t\t\t\t\t\t<img decoding=\"async\" width=\"940\" height=\"788\" src=\"https:\/\/assoaleds.org\/wp-content\/uploads\/2023\/08\/Maraudes.jpg\" class=\"attachment-full size-full wp-image-4724\" alt=\"\" srcset=\"https:\/\/assoaleds.org\/wp-content\/uploads\/2023\/08\/Maraudes.jpg 940w, https:\/\/assoaleds.org\/wp-content\/uploads\/2023\/08\/Maraudes-300x251.jpg 300w, https:\/\/assoaleds.org\/wp-content\/uploads\/2023\/08\/Maraudes-768x644.jpg 768w, https:\/\/assoaleds.org\/wp-content\/uploads\/2023\/08\/Maraudes-600x503.jpg 600w\" sizes=\"(max-width: 940px) 100vw, 940px\" \/>\t\t\t\t\t\t\t\t\t\t\t\t\t\t\t<\/div>\n\t\t\t\t<\/div>\n\t\t\t\t<div class=\"elementor-element elementor-element-666f0aa elementor-align-center elementor-widget elementor-widget-button\" data-id=\"666f0aa\" data-element_type=\"widget\" data-e-type=\"widget\" data-widget_type=\"button.default\">\n\t\t\t\t<div class=\"elementor-widget-container\">\n\t\t\t\t\t\t\t\t\t<div class=\"elementor-button-wrapper\">\n\t\t\t\t\t<a class=\"elementor-button elementor-button-link elementor-size-xl\" href=\"https:\/\/www.helloasso.com\/associations\/association-aleds\/formulaires\/10\/\">\n\t\t\t\t\t\t<span class=\"elementor-button-content-wrapper\">\n\t\t\t\t\t\t<span class=\"elementor-button-icon\">\n\t\t\t\t<i aria-hidden=\"true\" class=\"far fa-handshake\"><\/i>\t\t\t<\/span>\n\t\t\t\t\t\t\t\t\t<span class=\"elementor-button-text\">Soutenir cette action<\/span>\n\t\t\t\t\t<\/span>\n\t\t\t\t\t<\/a>\n\t\t\t\t<\/div>\n\t\t\t\t\t\t\t\t<\/div>\n\t\t\t\t<\/div>\n\t\t\t\t<div class=\"elementor-element elementor-element-08db3fa elementor-widget elementor-widget-text-editor\" data-id=\"08db3fa\" data-element_type=\"widget\" data-e-type=\"widget\" data-widget_type=\"text-editor.default\">\n\t\t\t\t<div class=\"elementor-widget-container\">\n\t\t\t\t\t\t\t\t\tEn ces temps difficiles, notre association se mobilise plus que jamais pour apporter un peu de r\u00e9confort \u00e0 ceux qui en ont le plus besoin.\nChaque semaine, nous organisons des maraudes pour aller \u00e0 la rencontre des personnes en pr\u00e9carit\u00e9, leur offrant des repas chauds et des denr\u00e9es alimentaires.\nMais notre engagement va au-del\u00e0 de la nourriture : nous apportons \u00e9galement des sourires, de l&rsquo;\u00e9coute et du soutien.\u00a0\ud83d\udc99\ud83c\udf72\t\t\t\t\t\t\t\t<\/div>\n\t\t\t\t<\/div>\n\t\t\t\t\t<\/div>\n\t\t<\/div>\n\t\t\t\t<div class=\"elementor-column elementor-col-33 elementor-top-column elementor-element elementor-element-24f9ab0\" data-id=\"24f9ab0\" data-element_type=\"column\" data-e-type=\"column\">\n\t\t\t<div class=\"elementor-widget-wrap elementor-element-populated\">\n\t\t\t\t\t\t<div class=\"elementor-element elementor-element-bcc78af elementor-widget elementor-widget-image\" data-id=\"bcc78af\" data-element_type=\"widget\" data-e-type=\"widget\" data-widget_type=\"image.default\">\n\t\t\t\t<div class=\"elementor-widget-container\">\n\t\t\t\t\t\t\t\t\t\t\t\t\t\t\t<img decoding=\"async\" width=\"940\" height=\"788\" src=\"https:\/\/assoaleds.org\/wp-content\/uploads\/2023\/08\/grandes-4.jpg\" class=\"attachment-full size-full wp-image-4719\" alt=\"\" srcset=\"https:\/\/assoaleds.org\/wp-content\/uploads\/2023\/08\/grandes-4.jpg 940w, https:\/\/assoaleds.org\/wp-content\/uploads\/2023\/08\/grandes-4-300x251.jpg 300w, https:\/\/assoaleds.org\/wp-content\/uploads\/2023\/08\/grandes-4-768x644.jpg 768w, https:\/\/assoaleds.org\/wp-content\/uploads\/2023\/08\/grandes-4-600x503.jpg 600w\" sizes=\"(max-width: 940px) 100vw, 940px\" \/>\t\t\t\t\t\t\t\t\t\t\t\t\t\t\t<\/div>\n\t\t\t\t<\/div>\n\t\t\t\t<div class=\"elementor-element elementor-element-2f867c6 elementor-align-center elementor-widget elementor-widget-button\" data-id=\"2f867c6\" data-element_type=\"widget\" data-e-type=\"widget\" data-widget_type=\"button.default\">\n\t\t\t\t<div class=\"elementor-widget-container\">\n\t\t\t\t\t\t\t\t\t<div class=\"elementor-button-wrapper\">\n\t\t\t\t\t<a class=\"elementor-button elementor-button-link elementor-size-xl\" href=\"https:\/\/www.helloasso.com\/associations\/association-aleds\/formulaires\/7\/\">\n\t\t\t\t\t\t<span class=\"elementor-button-content-wrapper\">\n\t\t\t\t\t\t<span class=\"elementor-button-icon\">\n\t\t\t\t<i aria-hidden=\"true\" class=\"far fa-handshake\"><\/i>\t\t\t<\/span>\n\t\t\t\t\t\t\t\t\t<span class=\"elementor-button-text\">Soutenir cette action<\/span>\n\t\t\t\t\t<\/span>\n\t\t\t\t\t<\/a>\n\t\t\t\t<\/div>\n\t\t\t\t\t\t\t\t<\/div>\n\t\t\t\t<\/div>\n\t\t\t\t<div class=\"elementor-element elementor-element-2368138 elementor-widget elementor-widget-text-editor\" data-id=\"2368138\" data-element_type=\"widget\" data-e-type=\"widget\" data-widget_type=\"text-editor.default\">\n\t\t\t\t<div class=\"elementor-widget-container\">\n\t\t\t\t\t\t\t\t\tChaque mois, notre engagement envers les r\u00e9fugi\u00e9s de Grande Synthe prend forme lors d&rsquo;une distribution de denr\u00e9es alimentaires et de repas chauds. <br><br>Nous croyons en la puissance de l&#8217;empathie et de l&rsquo;entraide pour construire un monde meilleur. <br><br>Rejoignez-nous dans cette action de solidarit\u00e9 et de compassion. \t\t\t\t\t\t\t\t<\/div>\n\t\t\t\t<\/div>\n\t\t\t\t\t<\/div>\n\t\t<\/div>\n\t\t\t\t\t<\/div>\n\t\t<\/section>\n\t\t\t\t<section class=\"elementor-section elementor-top-section elementor-element elementor-element-00d3398 elementor-section-boxed elementor-section-height-default elementor-section-height-default\" data-id=\"00d3398\" data-element_type=\"section\" data-e-type=\"section\" data-settings=\"{&quot;background_background&quot;:&quot;classic&quot;}\">\n\t\t\t\t\t\t<div class=\"elementor-container elementor-column-gap-default\">\n\t\t\t\t\t<div class=\"elementor-column elementor-col-33 elementor-top-column elementor-element elementor-element-7a6fc10\" data-id=\"7a6fc10\" data-element_type=\"column\" data-e-type=\"column\">\n\t\t\t<div class=\"elementor-widget-wrap elementor-element-populated\">\n\t\t\t\t\t\t<div class=\"elementor-element elementor-element-05103a9 elementor-widget elementor-widget-image\" data-id=\"05103a9\" data-element_type=\"widget\" data-e-type=\"widget\" data-widget_type=\"image.default\">\n\t\t\t\t<div class=\"elementor-widget-container\">\n\t\t\t\t\t\t\t\t\t\t\t\t\t\t\t<img loading=\"lazy\" decoding=\"async\" width=\"2233\" height=\"1872\" src=\"https:\/\/assoaleds.org\/wp-content\/uploads\/2023\/08\/1.jpg\" class=\"attachment-full size-full wp-image-4716\" alt=\"\" srcset=\"https:\/\/assoaleds.org\/wp-content\/uploads\/2023\/08\/1.jpg 2233w, https:\/\/assoaleds.org\/wp-content\/uploads\/2023\/08\/1-300x252.jpg 300w, https:\/\/assoaleds.org\/wp-content\/uploads\/2023\/08\/1-1024x858.jpg 1024w, https:\/\/assoaleds.org\/wp-content\/uploads\/2023\/08\/1-768x644.jpg 768w, https:\/\/assoaleds.org\/wp-content\/uploads\/2023\/08\/1-1536x1288.jpg 1536w, https:\/\/assoaleds.org\/wp-content\/uploads\/2023\/08\/1-2048x1717.jpg 2048w, https:\/\/assoaleds.org\/wp-content\/uploads\/2023\/08\/1-600x503.jpg 600w\" sizes=\"(max-width: 2233px) 100vw, 2233px\" \/>\t\t\t\t\t\t\t\t\t\t\t\t\t\t\t<\/div>\n\t\t\t\t<\/div>\n\t\t\t\t<div class=\"elementor-element elementor-element-ef4bd70 elementor-widget elementor-widget-text-editor\" data-id=\"ef4bd70\" data-element_type=\"widget\" data-e-type=\"widget\" data-widget_type=\"text-editor.default\">\n\t\t\t\t<div class=\"elementor-widget-container\">\n\t\t\t\t\t\t\t\t\t\ud83c\udf1f Partageons la Solidarit\u00e9 et la Durabilit\u00e9 ! \ud83c\udf0d\u2728\nDu 21 ao\u00fbt au 1er septembre, l&rsquo;association Asso Aleds s&rsquo;associe \u00e0 l&rsquo;AFAD du Douaisis pour vous offrir un Vestiaire Solidaire exceptionnel.<br>\nPr\u00e9parez la rentr\u00e9e \u00e0 moindre co\u00fbt, tout en donnant une seconde vie aux objets et en soutenant la solidarit\u00e9 locale. Ensemble, construisons un monde meilleur ! \ud83d\udcaa\t\t\t\t\t\t\t\t<\/div>\n\t\t\t\t<\/div>\n\t\t\t\t\t<\/div>\n\t\t<\/div>\n\t\t\t\t<div class=\"elementor-column elementor-col-33 elementor-top-column elementor-element elementor-element-92ae6a8\" data-id=\"92ae6a8\" data-element_type=\"column\" data-e-type=\"column\">\n\t\t\t<div class=\"elementor-widget-wrap\">\n\t\t\t\t\t\t\t<\/div>\n\t\t<\/div>\n\t\t\t\t<div class=\"elementor-column elementor-col-33 elementor-top-column elementor-element elementor-element-a56a18e\" data-id=\"a56a18e\" data-element_type=\"column\" data-e-type=\"column\">\n\t\t\t<div class=\"elementor-widget-wrap\">\n\t\t\t\t\t\t\t<\/div>\n\t\t<\/div>\n\t\t\t\t\t<\/div>\n\t\t<\/section>\n\t\t\t\t<section class=\"elementor-section elementor-top-section elementor-element elementor-element-25e37a4 elementor-section-boxed elementor-section-height-default elementor-section-height-default\" data-id=\"25e37a4\" data-element_type=\"section\" data-e-type=\"section\">\n\t\t\t\t\t\t<div class=\"elementor-container elementor-column-gap-default\">\n\t\t\t\t\t<div class=\"elementor-column elementor-col-100 elementor-top-column elementor-element elementor-element-33d2e43\" data-id=\"33d2e43\" data-element_type=\"column\" data-e-type=\"column\">\n\t\t\t<div class=\"elementor-widget-wrap elementor-element-populated\">\n\t\t\t\t\t\t<div class=\"elementor-element elementor-element-16fb09c elementor-widget elementor-widget-heading\" data-id=\"16fb09c\" data-element_type=\"widget\" data-e-type=\"widget\" data-widget_type=\"heading.default\">\n\t\t\t\t<div class=\"elementor-widget-container\">\n\t\t\t\t\t<h2 class=\"elementor-heading-title elementor-size-default\">\nRejoignez-nous, ensemble, nous faisons la diff\u00e9rence ! <\/h2>\t\t\t\t<\/div>\n\t\t\t\t<\/div>\n\t\t\t\t<div class=\"elementor-element elementor-element-69b5b6a elementor-widget elementor-widget-heading\" data-id=\"69b5b6a\" data-element_type=\"widget\" data-e-type=\"widget\" data-widget_type=\"heading.default\">\n\t\t\t\t<div class=\"elementor-widget-container\">\n\t\t\t\t\t<h2 class=\"elementor-heading-title elementor-size-default\">C'est gr\u00e2ce \u00e0 l\u2019ensemble de nos b\u00e9n\u00e9voles que nos actions sont possibles. <br>\nMerci \u00e0 toutes ces pr\u00e9cieuses personnes qui donnent de leur temps.<br><\/h2>\t\t\t\t<\/div>\n\t\t\t\t<\/div>\n\t\t\t\t\t<\/div>\n\t\t<\/div>\n\t\t\t\t\t<\/div>\n\t\t<\/section>\n\t\t\t\t<section class=\"elementor-section elementor-top-section elementor-element elementor-element-c7c3bbf elementor-section-boxed elementor-section-height-default elementor-section-height-default\" data-id=\"c7c3bbf\" data-element_type=\"section\" data-e-type=\"section\" data-settings=\"{&quot;background_background&quot;:&quot;classic&quot;}\">\n\t\t\t\t\t\t<div class=\"elementor-container elementor-column-gap-default\">\n\t\t\t\t\t<div class=\"elementor-column elementor-col-50 elementor-top-column elementor-element elementor-element-01e47ca\" data-id=\"01e47ca\" data-element_type=\"column\" data-e-type=\"column\">\n\t\t\t<div class=\"elementor-widget-wrap\">\n\t\t\t\t\t\t\t<\/div>\n\t\t<\/div>\n\t\t\t\t<div class=\"elementor-column elementor-col-50 elementor-top-column elementor-element elementor-element-0103e13\" data-id=\"0103e13\" data-element_type=\"column\" data-e-type=\"column\">\n\t\t\t<div class=\"elementor-widget-wrap\">\n\t\t\t\t\t\t\t<\/div>\n\t\t<\/div>\n\t\t\t\t\t<\/div>\n\t\t<\/section>\n\t\t\t\t<section class=\"elementor-section elementor-top-section elementor-element elementor-element-826e03d elementor-section-boxed elementor-section-height-default elementor-section-height-default\" data-id=\"826e03d\" data-element_type=\"section\" data-e-type=\"section\" data-settings=\"{&quot;background_background&quot;:&quot;classic&quot;}\">\n\t\t\t\t\t\t<div class=\"elementor-container elementor-column-gap-default\">\n\t\t\t\t\t<div class=\"elementor-column elementor-col-50 elementor-top-column elementor-element elementor-element-63066a1\" data-id=\"63066a1\" data-element_type=\"column\" data-e-type=\"column\">\n\t\t\t<div class=\"elementor-widget-wrap\">\n\t\t\t\t\t\t\t<\/div>\n\t\t<\/div>\n\t\t\t\t<div class=\"elementor-column elementor-col-50 elementor-top-column elementor-element elementor-element-036c865\" data-id=\"036c865\" data-element_type=\"column\" data-e-type=\"column\">\n\t\t\t<div class=\"elementor-widget-wrap elementor-element-populated\">\n\t\t\t\t\t\t<div class=\"elementor-element elementor-element-d6291d3 elementor-align-right elementor-tablet-align-center elementor-widget elementor-widget-button\" data-id=\"d6291d3\" data-element_type=\"widget\" data-e-type=\"widget\" data-widget_type=\"button.default\">\n\t\t\t\t<div class=\"elementor-widget-container\">\n\t\t\t\t\t\t\t\t\t<div class=\"elementor-button-wrapper\">\n\t\t\t\t\t<a class=\"elementor-button elementor-button-link elementor-size-md\" href=\"http:\/\/assoaleds.org\/index.php\/devenez-benevole\/\">\n\t\t\t\t\t\t<span class=\"elementor-button-content-wrapper\">\n\t\t\t\t\t\t\t\t\t<span class=\"elementor-button-text\">Rejoignez-nous !<\/span>\n\t\t\t\t\t<\/span>\n\t\t\t\t\t<\/a>\n\t\t\t\t<\/div>\n\t\t\t\t\t\t\t\t<\/div>\n\t\t\t\t<\/div>\n\t\t\t\t\t<\/div>\n\t\t<\/div>\n\t\t\t\t\t<\/div>\n\t\t<\/section>\n\t\t\t\t<section class=\"elementor-section elementor-top-section elementor-element elementor-element-06640f9 elementor-section-boxed elementor-section-height-default elementor-section-height-default\" data-id=\"06640f9\" data-element_type=\"section\" data-e-type=\"section\">\n\t\t\t\t\t\t<div class=\"elementor-container elementor-column-gap-default\">\n\t\t\t\t\t<div class=\"elementor-column elementor-col-100 elementor-top-column elementor-element elementor-element-f1092d2\" data-id=\"f1092d2\" data-element_type=\"column\" data-e-type=\"column\">\n\t\t\t<div class=\"elementor-widget-wrap elementor-element-populated\">\n\t\t\t\t\t\t<div class=\"elementor-element elementor-element-5a02411 elementor-widget elementor-widget-shortcode\" data-id=\"5a02411\" data-element_type=\"widget\" data-e-type=\"widget\" data-widget_type=\"shortcode.default\">\n\t\t\t\t<div class=\"elementor-widget-container\">\n\t\t\t\t\t\t\t<div class=\"elementor-shortcode\">[event id=\"4959\"]<\/div>\n\t\t\t\t\t\t<\/div>\n\t\t\t\t<\/div>\n\t\t\t\t\t<\/div>\n\t\t<\/div>\n\t\t\t\t\t<\/div>\n\t\t<\/section>\n\t\t\t\t<\/div>\n\t\t","protected":false},"excerpt":{"rendered":"<p>D\u00e9couvrez nos actions Soutenir cette action Agissons ensemble pour nos \u00e9tudiants en pr\u00e9carit\u00e9 ! Notre collecte de denr\u00e9es alimentaires est lanc\u00e9e. Chacun peut apporter sa contribution en donnant des produits [&hellip;]<\/p>\n","protected":false},"author":1,"featured_media":0,"parent":0,"menu_order":0,"comment_status":"closed","ping_status":"closed","template":"elementor_header_footer","meta":{"footnotes":""},"class_list":["post-4713","page","type-page","status-publish","hentry"],"_links":{"self":[{"href":"https:\/\/assoaleds.org\/index.php\/wp-json\/wp\/v2\/pages\/4713","targetHints":{"allow":["GET"]}}],"collection":[{"href":"https:\/\/assoaleds.org\/index.php\/wp-json\/wp\/v2\/pages"}],"about":[{"href":"https:\/\/assoaleds.org\/index.php\/wp-json\/wp\/v2\/types\/page"}],"author":[{"embeddable":true,"href":"https:\/\/assoaleds.org\/index.php\/wp-json\/wp\/v2\/users\/1"}],"replies":[{"embeddable":true,"href":"https:\/\/assoaleds.org\/index.php\/wp-json\/wp\/v2\/comments?post=4713"}],"version-history":[{"count":55,"href":"https:\/\/assoaleds.org\/index.php\/wp-json\/wp\/v2\/pages\/4713\/revisions"}],"predecessor-version":[{"id":5224,"href":"https:\/\/assoaleds.org\/index.php\/wp-json\/wp\/v2\/pages\/4713\/revisions\/5224"}],"wp:attachment":[{"href":"https:\/\/assoaleds.org\/index.php\/wp-json\/wp\/v2\/media?parent=4713"}],"curies":[{"name":"wp","href":"https:\/\/api.w.org\/{rel}","templated":true}]}}